{"id":97,"date":"2012-11-14T21:57:08","date_gmt":"2012-11-14T19:57:08","guid":{"rendered":"http:\/\/www.eremia.at\/?page_id=97"},"modified":"2012-11-15T16:27:02","modified_gmt":"2012-11-15T14:27:02","slug":"landschaft","status":"publish","type":"page","link":"https:\/\/www.eremia.at\/?page_id=97","title":{"rendered":"Landschaft"},"content":{"rendered":"<p style=\"text-align: left;\">Das Bild \u201eBlau\u201c wurde 2010 am Baikalsee bei untergehender Sonne fotografiert. Der Baum im Vordergrund, der in voller Gr\u00f6\u00dfe zu sehen ist, sowie das dahinterliegende ruhige Wasser und die im Hintergrund sanft liegende H\u00fcgellandschaft geben Einblick in die vielf\u00e4ltige Landschaftsstruktur Sibiriens.<\/p>\n<p style=\"text-align: left;\"><a href=\"https:\/\/www.eremia.at\/wp-content\/uploads\/2012\/11\/Web_DSC_173_201106023.jpg\"><img loading=\"lazy\" decoding=\"async\" class=\"wp-image-175 alignleft\" style=\"margin: 2px; border: black 2px solid;\" title=\"Blau\" src=\"https:\/\/www.eremia.at\/wp-content\/uploads\/2012\/11\/Web_DSC_173_201106023.jpg\" alt=\"\" width=\"648\" height=\"430\" srcset=\"https:\/\/www.eremia.at\/wp-content\/uploads\/2012\/11\/Web_DSC_173_201106023.jpg 900w, https:\/\/www.eremia.at\/wp-content\/uploads\/2012\/11\/Web_DSC_173_201106023-300x199.jpg 300w\" sizes=\"auto, (max-width: 648px) 100vw, 648px\" \/><\/a><\/p>\n<p>\u00a0<br \/>\nIm Bild dominiert die Farbe blau. Wie der Himmel, so auch das Wasser und die H\u00fcgellandschaft sind in blau getaucht. Die verschiedenen Blau-T\u00f6ne und der durch die Sonne erzeugte helle Streifen im Wasser der in die Weite f\u00fchrt, l\u00e4sst mich l\u00e4nger an diesem Bild verweilen.<\/p>\n<p>Bei n\u00e4herer Betrachtung sind auf dem H\u00fcgel im Vordergrund K\u00f6pfe von Personen zu sehen, die sich dem w\u00e4rmenden letzen Strahl der Sonne hingeben.<\/p>\n","protected":false},"excerpt":{"rendered":"<p>Das Bild \u201eBlau\u201c wurde 2010 am Baikalsee bei untergehender Sonne fotografiert. Der Baum im Vordergrund, der in voller Gr\u00f6\u00dfe zu sehen ist, sowie das dahinterliegende ruhige Wasser und die im Hintergrund sanft liegende H\u00fcgellandschaft geben Einblick in die vielf\u00e4ltige Landschaftsstruktur &hellip; <a href=\"https:\/\/www.eremia.at\/?page_id=97\">Weiterlesen <span class=\"meta-nav\">&rarr;<\/span><\/a><\/p>\n","protected":false},"author":1,"featured_media":0,"parent":67,"menu_order":0,"comment_status":"open","ping_status":"open","template":"onecolumn-page.php","meta":{"ngg_post_thumbnail":0,"footnotes":"","_links_to":"","_links_to_target":""},"class_list":["post-97","page","type-page","status-publish","hentry"],"yoast_head":"<!-- This site is optimized with the Yoast SEO plugin v27.5 - https:\/\/yoast.com\/product\/yoast-seo-wordpress\/ -->\n<title>Landschaft - Gabriele Eremia<\/title>\n<meta name=\"robots\" content=\"index, follow, max-snippet:-1, max-image-preview:large, max-video-preview:-1\" \/>\n<link rel=\"canonical\" href=\"https:\/\/www.eremia.at\/?page_id=97\" \/>\n<meta property=\"og:locale\" content=\"de_DE\" \/>\n<meta property=\"og:type\" content=\"article\" \/>\n<meta property=\"og:title\" content=\"Landschaft - Gabriele Eremia\" \/>\n<meta property=\"og:description\" content=\"Das Bild \u201eBlau\u201c wurde 2010 am Baikalsee bei untergehender Sonne fotografiert. Der Baum im Vordergrund, der in voller Gr\u00f6\u00dfe zu sehen ist, sowie das dahinterliegende ruhige Wasser und die im Hintergrund sanft liegende H\u00fcgellandschaft geben Einblick in die vielf\u00e4ltige Landschaftsstruktur &hellip; Weiterlesen &rarr;\" \/>\n<meta property=\"og:url\" content=\"https:\/\/www.eremia.at\/?page_id=97\" \/>\n<meta property=\"og:site_name\" content=\"Gabriele Eremia\" \/>\n<meta property=\"article:modified_time\" content=\"2012-11-15T14:27:02+00:00\" \/>\n<meta property=\"og:image\" content=\"https:\/\/www.eremia.at\/wp-content\/uploads\/2012\/11\/Web_DSC_173_201106023.jpg\" \/>\n<meta name=\"twitter:label1\" content=\"Gesch\u00e4tzte Lesezeit\" \/>\n\t<meta name=\"twitter:data1\" content=\"1\u00a0Minute\" \/>\n<script type=\"application\/ld+json\" class=\"yoast-schema-graph\">{\"@context\":\"https:\\\/\\\/schema.org\",\"@graph\":[{\"@type\":\"WebPage\",\"@id\":\"https:\\\/\\\/www.eremia.at\\\/?page_id=97\",\"url\":\"https:\\\/\\\/www.eremia.at\\\/?page_id=97\",\"name\":\"Landschaft - Gabriele Eremia\",\"isPartOf\":{\"@id\":\"https:\\\/\\\/www.eremia.at\\\/#website\"},\"primaryImageOfPage\":{\"@id\":\"https:\\\/\\\/www.eremia.at\\\/?page_id=97#primaryimage\"},\"image\":{\"@id\":\"https:\\\/\\\/www.eremia.at\\\/?page_id=97#primaryimage\"},\"thumbnailUrl\":\"https:\\\/\\\/www.eremia.at\\\/wp-content\\\/uploads\\\/2012\\\/11\\\/Web_DSC_173_201106023.jpg\",\"datePublished\":\"2012-11-14T19:57:08+00:00\",\"dateModified\":\"2012-11-15T14:27:02+00:00\",\"breadcrumb\":{\"@id\":\"https:\\\/\\\/www.eremia.at\\\/?page_id=97#breadcrumb\"},\"inLanguage\":\"de\",\"potentialAction\":[{\"@type\":\"ReadAction\",\"target\":[\"https:\\\/\\\/www.eremia.at\\\/?page_id=97\"]}]},{\"@type\":\"ImageObject\",\"inLanguage\":\"de\",\"@id\":\"https:\\\/\\\/www.eremia.at\\\/?page_id=97#primaryimage\",\"url\":\"https:\\\/\\\/www.eremia.at\\\/wp-content\\\/uploads\\\/2012\\\/11\\\/Web_DSC_173_201106023.jpg\",\"contentUrl\":\"https:\\\/\\\/www.eremia.at\\\/wp-content\\\/uploads\\\/2012\\\/11\\\/Web_DSC_173_201106023.jpg\",\"width\":\"900\",\"height\":\"598\"},{\"@type\":\"BreadcrumbList\",\"@id\":\"https:\\\/\\\/www.eremia.at\\\/?page_id=97#breadcrumb\",\"itemListElement\":[{\"@type\":\"ListItem\",\"position\":1,\"name\":\"Galerie\",\"item\":\"https:\\\/\\\/www.eremia.at\\\/?page_id=67\"},{\"@type\":\"ListItem\",\"position\":2,\"name\":\"Landschaft\"}]},{\"@type\":\"WebSite\",\"@id\":\"https:\\\/\\\/www.eremia.at\\\/#website\",\"url\":\"https:\\\/\\\/www.eremia.at\\\/\",\"name\":\"Gabriele Eremia\",\"description\":\"Fotografie\",\"potentialAction\":[{\"@type\":\"SearchAction\",\"target\":{\"@type\":\"EntryPoint\",\"urlTemplate\":\"https:\\\/\\\/www.eremia.at\\\/?s={search_term_string}\"},\"query-input\":{\"@type\":\"PropertyValueSpecification\",\"valueRequired\":true,\"valueName\":\"search_term_string\"}}],\"inLanguage\":\"de\"}]}<\/script>\n<!-- \/ Yoast SEO plugin. -->","yoast_head_json":{"title":"Landschaft - Gabriele Eremia","robots":{"index":"index","follow":"follow","max-snippet":"max-snippet:-1","max-image-preview":"max-image-preview:large","max-video-preview":"max-video-preview:-1"},"canonical":"https:\/\/www.eremia.at\/?page_id=97","og_locale":"de_DE","og_type":"article","og_title":"Landschaft - Gabriele Eremia","og_description":"Das Bild \u201eBlau\u201c wurde 2010 am Baikalsee bei untergehender Sonne fotografiert. Der Baum im Vordergrund, der in voller Gr\u00f6\u00dfe zu sehen ist, sowie das dahinterliegende ruhige Wasser und die im Hintergrund sanft liegende H\u00fcgellandschaft geben Einblick in die vielf\u00e4ltige Landschaftsstruktur &hellip; Weiterlesen &rarr;","og_url":"https:\/\/www.eremia.at\/?page_id=97","og_site_name":"Gabriele Eremia","article_modified_time":"2012-11-15T14:27:02+00:00","og_image":[{"url":"https:\/\/www.eremia.at\/wp-content\/uploads\/2012\/11\/Web_DSC_173_201106023.jpg","type":"","width":"","height":""}],"twitter_misc":{"Gesch\u00e4tzte Lesezeit":"1\u00a0Minute"},"schema":{"@context":"https:\/\/schema.org","@graph":[{"@type":"WebPage","@id":"https:\/\/www.eremia.at\/?page_id=97","url":"https:\/\/www.eremia.at\/?page_id=97","name":"Landschaft - Gabriele Eremia","isPartOf":{"@id":"https:\/\/www.eremia.at\/#website"},"primaryImageOfPage":{"@id":"https:\/\/www.eremia.at\/?page_id=97#primaryimage"},"image":{"@id":"https:\/\/www.eremia.at\/?page_id=97#primaryimage"},"thumbnailUrl":"https:\/\/www.eremia.at\/wp-content\/uploads\/2012\/11\/Web_DSC_173_201106023.jpg","datePublished":"2012-11-14T19:57:08+00:00","dateModified":"2012-11-15T14:27:02+00:00","breadcrumb":{"@id":"https:\/\/www.eremia.at\/?page_id=97#breadcrumb"},"inLanguage":"de","potentialAction":[{"@type":"ReadAction","target":["https:\/\/www.eremia.at\/?page_id=97"]}]},{"@type":"ImageObject","inLanguage":"de","@id":"https:\/\/www.eremia.at\/?page_id=97#primaryimage","url":"https:\/\/www.eremia.at\/wp-content\/uploads\/2012\/11\/Web_DSC_173_201106023.jpg","contentUrl":"https:\/\/www.eremia.at\/wp-content\/uploads\/2012\/11\/Web_DSC_173_201106023.jpg","width":"900","height":"598"},{"@type":"BreadcrumbList","@id":"https:\/\/www.eremia.at\/?page_id=97#breadcrumb","itemListElement":[{"@type":"ListItem","position":1,"name":"Galerie","item":"https:\/\/www.eremia.at\/?page_id=67"},{"@type":"ListItem","position":2,"name":"Landschaft"}]},{"@type":"WebSite","@id":"https:\/\/www.eremia.at\/#website","url":"https:\/\/www.eremia.at\/","name":"Gabriele Eremia","description":"Fotografie","potentialAction":[{"@type":"SearchAction","target":{"@type":"EntryPoint","urlTemplate":"https:\/\/www.eremia.at\/?s={search_term_string}"},"query-input":{"@type":"PropertyValueSpecification","valueRequired":true,"valueName":"search_term_string"}}],"inLanguage":"de"}]}},"jetpack_shortlink":"https:\/\/wp.me\/P31frD-1z","jetpack_sharing_enabled":true,"_links":{"self":[{"href":"https:\/\/www.eremia.at\/index.php?rest_route=\/wp\/v2\/pages\/97","targetHints":{"allow":["GET"]}}],"collection":[{"href":"https:\/\/www.eremia.at\/index.php?rest_route=\/wp\/v2\/pages"}],"about":[{"href":"https:\/\/www.eremia.at\/index.php?rest_route=\/wp\/v2\/types\/page"}],"author":[{"embeddable":true,"href":"https:\/\/www.eremia.at\/index.php?rest_route=\/wp\/v2\/users\/1"}],"replies":[{"embeddable":true,"href":"https:\/\/www.eremia.at\/index.php?rest_route=%2Fwp%2Fv2%2Fcomments&post=97"}],"version-history":[{"count":18,"href":"https:\/\/www.eremia.at\/index.php?rest_route=\/wp\/v2\/pages\/97\/revisions"}],"predecessor-version":[{"id":247,"href":"https:\/\/www.eremia.at\/index.php?rest_route=\/wp\/v2\/pages\/97\/revisions\/247"}],"up":[{"embeddable":true,"href":"https:\/\/www.eremia.at\/index.php?rest_route=\/wp\/v2\/pages\/67"}],"wp:attachment":[{"href":"https:\/\/www.eremia.at\/index.php?rest_route=%2Fwp%2Fv2%2Fmedia&parent=97"}],"curies":[{"name":"wp","href":"https:\/\/api.w.org\/{rel}","templated":true}]}}