{"id":217,"date":"2012-11-15T15:08:27","date_gmt":"2012-11-15T13:08:27","guid":{"rendered":"http:\/\/www.eremia.at\/?page_id=217"},"modified":"2013-01-03T10:18:53","modified_gmt":"2013-01-03T08:18:53","slug":"gabriele-eremia","status":"publish","type":"page","link":"https:\/\/www.eremia.at\/?page_id=217","title":{"rendered":"\u00dcber mich"},"content":{"rendered":"<p><a href=\"https:\/\/www.eremia.at\/wp-content\/uploads\/2012\/11\/C_Bea_Katalog_057.jpg\"><img loading=\"lazy\" decoding=\"async\" class=\"wp-image-258 alignleft\" style=\"border: 1px solid black; margin-top: 1px; margin-bottom: 1px;\" title=\"Gabriele Eremia\" alt=\"\" src=\"https:\/\/www.eremia.at\/wp-content\/uploads\/2012\/11\/C_Bea_Katalog_057.jpg\" width=\"150\" height=\"150\" srcset=\"https:\/\/www.eremia.at\/wp-content\/uploads\/2012\/11\/C_Bea_Katalog_057.jpg 800w, https:\/\/www.eremia.at\/wp-content\/uploads\/2012\/11\/C_Bea_Katalog_057-150x150.jpg 150w, https:\/\/www.eremia.at\/wp-content\/uploads\/2012\/11\/C_Bea_Katalog_057-300x300.jpg 300w\" sizes=\"auto, (max-width: 150px) 100vw, 150px\" \/><\/a>JG\u00a01962 in O\u00d6 geboren, begann\u00a0ich mein\u00a0fotografisches Interesse erst in sp\u00e4teren Jahren auszubauen. Das Licht- \/ Schattenspiel fasziniert\u00a0mich besonders in der Landschafts- und Aktfotografie. W\u00e4hrend meiner Reisen abseits der Touristenpfade bin ich st\u00e4ndig auf der Suche, das Spezielle, das unglaublich Sch\u00f6ne der Natur,\u00a0 festzuhalten.<\/p>\n<p>&nbsp;<\/p>\n<p><a title=\"Prager Fotoschule \u00d6sterreich\" href=\"https:\/\/www.pfsoe.at\/home\/\" target=\"_blank\">Prager Fotoschule \u00d6sterreich<\/a><br \/>\n<a href=\"https:\/\/www.weltanschauen.at\" target=\"_blank\">WELTANSCHAUEN<\/a><\/p>\n<p>&nbsp;<\/p>\n<p>&nbsp;<\/p>\n<p>&nbsp;<\/p>\n","protected":false},"excerpt":{"rendered":"<p>JG\u00a01962 in O\u00d6 geboren, begann\u00a0ich mein\u00a0fotografisches Interesse erst in sp\u00e4teren Jahren auszubauen. Das Licht- \/ Schattenspiel fasziniert\u00a0mich besonders in der Landschafts- und Aktfotografie. W\u00e4hrend meiner Reisen abseits der Touristenpfade bin ich st\u00e4ndig auf der Suche, das Spezielle, das unglaublich Sch\u00f6ne &hellip; <a href=\"https:\/\/www.eremia.at\/?page_id=217\">Weiterlesen <span class=\"meta-nav\">&rarr;<\/span><\/a><\/p>\n","protected":false},"author":1,"featured_media":0,"parent":0,"menu_order":7,"comment_status":"open","ping_status":"open","template":"onecolumn-page.php","meta":{"ngg_post_thumbnail":0,"footnotes":"","_links_to":"","_links_to_target":""},"class_list":["post-217","page","type-page","status-publish","hentry"],"yoast_head":"<!-- This site is optimized with the Yoast SEO plugin v27.5 - https:\/\/yoast.com\/product\/yoast-seo-wordpress\/ -->\n<title>\u00dcber mich - Gabriele Eremia<\/title>\n<meta name=\"robots\" content=\"index, follow, max-snippet:-1, max-image-preview:large, max-video-preview:-1\" \/>\n<link rel=\"canonical\" href=\"https:\/\/www.eremia.at\/?page_id=217\" \/>\n<meta property=\"og:locale\" content=\"de_DE\" \/>\n<meta property=\"og:type\" content=\"article\" \/>\n<meta property=\"og:title\" content=\"\u00dcber mich - Gabriele Eremia\" \/>\n<meta property=\"og:description\" content=\"JG\u00a01962 in O\u00d6 geboren, begann\u00a0ich mein\u00a0fotografisches Interesse erst in sp\u00e4teren Jahren auszubauen. Das Licht- \/ Schattenspiel fasziniert\u00a0mich besonders in der Landschafts- und Aktfotografie. W\u00e4hrend meiner Reisen abseits der Touristenpfade bin ich st\u00e4ndig auf der Suche, das Spezielle, das unglaublich Sch\u00f6ne &hellip; Weiterlesen &rarr;\" \/>\n<meta property=\"og:url\" content=\"https:\/\/www.eremia.at\/?page_id=217\" \/>\n<meta property=\"og:site_name\" content=\"Gabriele Eremia\" \/>\n<meta property=\"article:modified_time\" content=\"2013-01-03T08:18:53+00:00\" \/>\n<meta property=\"og:image\" content=\"https:\/\/www.eremia.at\/wp-content\/uploads\/2012\/11\/C_Bea_Katalog_057.jpg\" \/>\n<script type=\"application\/ld+json\" class=\"yoast-schema-graph\">{\"@context\":\"https:\\\/\\\/schema.org\",\"@graph\":[{\"@type\":\"WebPage\",\"@id\":\"https:\\\/\\\/www.eremia.at\\\/?page_id=217\",\"url\":\"https:\\\/\\\/www.eremia.at\\\/?page_id=217\",\"name\":\"\u00dcber mich - Gabriele Eremia\",\"isPartOf\":{\"@id\":\"https:\\\/\\\/www.eremia.at\\\/#website\"},\"primaryImageOfPage\":{\"@id\":\"https:\\\/\\\/www.eremia.at\\\/?page_id=217#primaryimage\"},\"image\":{\"@id\":\"https:\\\/\\\/www.eremia.at\\\/?page_id=217#primaryimage\"},\"thumbnailUrl\":\"https:\\\/\\\/www.eremia.at\\\/wp-content\\\/uploads\\\/2012\\\/11\\\/C_Bea_Katalog_057.jpg\",\"datePublished\":\"2012-11-15T13:08:27+00:00\",\"dateModified\":\"2013-01-03T08:18:53+00:00\",\"inLanguage\":\"de\",\"potentialAction\":[{\"@type\":\"ReadAction\",\"target\":[\"https:\\\/\\\/www.eremia.at\\\/?page_id=217\"]}]},{\"@type\":\"ImageObject\",\"inLanguage\":\"de\",\"@id\":\"https:\\\/\\\/www.eremia.at\\\/?page_id=217#primaryimage\",\"url\":\"https:\\\/\\\/www.eremia.at\\\/wp-content\\\/uploads\\\/2012\\\/11\\\/C_Bea_Katalog_057.jpg\",\"contentUrl\":\"https:\\\/\\\/www.eremia.at\\\/wp-content\\\/uploads\\\/2012\\\/11\\\/C_Bea_Katalog_057.jpg\",\"width\":\"800\",\"height\":\"800\"},{\"@type\":\"WebSite\",\"@id\":\"https:\\\/\\\/www.eremia.at\\\/#website\",\"url\":\"https:\\\/\\\/www.eremia.at\\\/\",\"name\":\"Gabriele Eremia\",\"description\":\"Fotografie\",\"potentialAction\":[{\"@type\":\"SearchAction\",\"target\":{\"@type\":\"EntryPoint\",\"urlTemplate\":\"https:\\\/\\\/www.eremia.at\\\/?s={search_term_string}\"},\"query-input\":{\"@type\":\"PropertyValueSpecification\",\"valueRequired\":true,\"valueName\":\"search_term_string\"}}],\"inLanguage\":\"de\"}]}<\/script>\n<!-- \/ Yoast SEO plugin. -->","yoast_head_json":{"title":"\u00dcber mich - Gabriele Eremia","robots":{"index":"index","follow":"follow","max-snippet":"max-snippet:-1","max-image-preview":"max-image-preview:large","max-video-preview":"max-video-preview:-1"},"canonical":"https:\/\/www.eremia.at\/?page_id=217","og_locale":"de_DE","og_type":"article","og_title":"\u00dcber mich - Gabriele Eremia","og_description":"JG\u00a01962 in O\u00d6 geboren, begann\u00a0ich mein\u00a0fotografisches Interesse erst in sp\u00e4teren Jahren auszubauen. Das Licht- \/ Schattenspiel fasziniert\u00a0mich besonders in der Landschafts- und Aktfotografie. W\u00e4hrend meiner Reisen abseits der Touristenpfade bin ich st\u00e4ndig auf der Suche, das Spezielle, das unglaublich Sch\u00f6ne &hellip; Weiterlesen &rarr;","og_url":"https:\/\/www.eremia.at\/?page_id=217","og_site_name":"Gabriele Eremia","article_modified_time":"2013-01-03T08:18:53+00:00","og_image":[{"url":"https:\/\/www.eremia.at\/wp-content\/uploads\/2012\/11\/C_Bea_Katalog_057.jpg","type":"","width":"","height":""}],"schema":{"@context":"https:\/\/schema.org","@graph":[{"@type":"WebPage","@id":"https:\/\/www.eremia.at\/?page_id=217","url":"https:\/\/www.eremia.at\/?page_id=217","name":"\u00dcber mich - Gabriele Eremia","isPartOf":{"@id":"https:\/\/www.eremia.at\/#website"},"primaryImageOfPage":{"@id":"https:\/\/www.eremia.at\/?page_id=217#primaryimage"},"image":{"@id":"https:\/\/www.eremia.at\/?page_id=217#primaryimage"},"thumbnailUrl":"https:\/\/www.eremia.at\/wp-content\/uploads\/2012\/11\/C_Bea_Katalog_057.jpg","datePublished":"2012-11-15T13:08:27+00:00","dateModified":"2013-01-03T08:18:53+00:00","inLanguage":"de","potentialAction":[{"@type":"ReadAction","target":["https:\/\/www.eremia.at\/?page_id=217"]}]},{"@type":"ImageObject","inLanguage":"de","@id":"https:\/\/www.eremia.at\/?page_id=217#primaryimage","url":"https:\/\/www.eremia.at\/wp-content\/uploads\/2012\/11\/C_Bea_Katalog_057.jpg","contentUrl":"https:\/\/www.eremia.at\/wp-content\/uploads\/2012\/11\/C_Bea_Katalog_057.jpg","width":"800","height":"800"},{"@type":"WebSite","@id":"https:\/\/www.eremia.at\/#website","url":"https:\/\/www.eremia.at\/","name":"Gabriele Eremia","description":"Fotografie","potentialAction":[{"@type":"SearchAction","target":{"@type":"EntryPoint","urlTemplate":"https:\/\/www.eremia.at\/?s={search_term_string}"},"query-input":{"@type":"PropertyValueSpecification","valueRequired":true,"valueName":"search_term_string"}}],"inLanguage":"de"}]}},"jetpack_shortlink":"https:\/\/wp.me\/P31frD-3v","jetpack_sharing_enabled":true,"_links":{"self":[{"href":"https:\/\/www.eremia.at\/index.php?rest_route=\/wp\/v2\/pages\/217","targetHints":{"allow":["GET"]}}],"collection":[{"href":"https:\/\/www.eremia.at\/index.php?rest_route=\/wp\/v2\/pages"}],"about":[{"href":"https:\/\/www.eremia.at\/index.php?rest_route=\/wp\/v2\/types\/page"}],"author":[{"embeddable":true,"href":"https:\/\/www.eremia.at\/index.php?rest_route=\/wp\/v2\/users\/1"}],"replies":[{"embeddable":true,"href":"https:\/\/www.eremia.at\/index.php?rest_route=%2Fwp%2Fv2%2Fcomments&post=217"}],"version-history":[{"count":26,"href":"https:\/\/www.eremia.at\/index.php?rest_route=\/wp\/v2\/pages\/217\/revisions"}],"predecessor-version":[{"id":934,"href":"https:\/\/www.eremia.at\/index.php?rest_route=\/wp\/v2\/pages\/217\/revisions\/934"}],"wp:attachment":[{"href":"https:\/\/www.eremia.at\/index.php?rest_route=%2Fwp%2Fv2%2Fmedia&parent=217"}],"curies":[{"name":"wp","href":"https:\/\/api.w.org\/{rel}","templated":true}]}}