{"id":101,"date":"2012-11-14T21:58:26","date_gmt":"2012-11-14T19:58:26","guid":{"rendered":"http:\/\/www.eremia.at\/?page_id=101"},"modified":"2012-11-15T14:23:26","modified_gmt":"2012-11-15T12:23:26","slug":"akt","status":"publish","type":"page","link":"https:\/\/www.eremia.at\/?page_id=101","title":{"rendered":"Akt"},"content":{"rendered":"<p>\u201eMaya\u201c wurde 2007 in Tschechien bei einen internationalem Akt-Fotocamp fotografiert. Das Akt-Model befindet sich in einer M\u00fchle, im Hintergrund ist die Mauerstruktur zu erkennen. Das Bild zeigt einen Torso, ein Teil der langen gewellten Haare\u00a0 f\u00fchren durch die Bildmitte, vorbei am Bauchnabel und enden kurz vor dem Becken.<\/p>\n<p>Mit dem Licht enth\u00fcllen, mit dem Schatten verdecken, den K\u00f6rper plastisch aus dem Schatten heraussch\u00e4len und formal gestalten, \u00a0auf der Suche nach der sch\u00f6nen Form und dem speziellen Ausdruck, der in jedem Model gefunden werden kann.\u00a0<\/p>\n<p style=\"text-align: center;\"><a href=\"https:\/\/www.eremia.at\/wp-content\/uploads\/2012\/11\/Web_DSC_0021.jpg\"><img loading=\"lazy\" decoding=\"async\" class=\"aligncenter  wp-image-170\" title=\"MAYA\" src=\"https:\/\/www.eremia.at\/wp-content\/uploads\/2012\/11\/Web_DSC_0021-706x1024.jpg\" alt=\"\" width=\"576\" height=\"835\" srcset=\"https:\/\/www.eremia.at\/wp-content\/uploads\/2012\/11\/Web_DSC_0021-706x1024.jpg 706w, https:\/\/www.eremia.at\/wp-content\/uploads\/2012\/11\/Web_DSC_0021-206x300.jpg 206w, https:\/\/www.eremia.at\/wp-content\/uploads\/2012\/11\/Web_DSC_0021.jpg 2000w\" sizes=\"auto, (max-width: 576px) 100vw, 576px\" \/><\/a><\/p>\n","protected":false},"excerpt":{"rendered":"<p>\u201eMaya\u201c wurde 2007 in Tschechien bei einen internationalem Akt-Fotocamp fotografiert. Das Akt-Model befindet sich in einer M\u00fchle, im Hintergrund ist die Mauerstruktur zu erkennen. Das Bild zeigt einen Torso, ein Teil der langen gewellten Haare\u00a0 f\u00fchren durch die Bildmitte, vorbei &hellip; <a href=\"https:\/\/www.eremia.at\/?page_id=101\">Weiterlesen <span class=\"meta-nav\">&rarr;<\/span><\/a><\/p>\n","protected":false},"author":1,"featured_media":0,"parent":67,"menu_order":0,"comment_status":"open","ping_status":"open","template":"onecolumn-page.php","meta":{"ngg_post_thumbnail":0,"jetpack_post_was_ever_published":false,"footnotes":"","_links_to":"","_links_to_target":""},"class_list":["post-101","page","type-page","status-publish","hentry"],"yoast_head":"<!-- This site is optimized with the Yoast SEO plugin v27.4 - https:\/\/yoast.com\/product\/yoast-seo-wordpress\/ -->\n<title>Akt - Gabriele Eremia<\/title>\n<meta name=\"robots\" content=\"index, follow, max-snippet:-1, max-image-preview:large, max-video-preview:-1\" \/>\n<link rel=\"canonical\" href=\"https:\/\/www.eremia.at\/?page_id=101\" \/>\n<meta property=\"og:locale\" content=\"de_DE\" \/>\n<meta property=\"og:type\" content=\"article\" \/>\n<meta property=\"og:title\" content=\"Akt - Gabriele Eremia\" \/>\n<meta property=\"og:description\" content=\"\u201eMaya\u201c wurde 2007 in Tschechien bei einen internationalem Akt-Fotocamp fotografiert. Das Akt-Model befindet sich in einer M\u00fchle, im Hintergrund ist die Mauerstruktur zu erkennen. Das Bild zeigt einen Torso, ein Teil der langen gewellten Haare\u00a0 f\u00fchren durch die Bildmitte, vorbei &hellip; Weiterlesen &rarr;\" \/>\n<meta property=\"og:url\" content=\"https:\/\/www.eremia.at\/?page_id=101\" \/>\n<meta property=\"og:site_name\" content=\"Gabriele Eremia\" \/>\n<meta property=\"article:modified_time\" content=\"2012-11-15T12:23:26+00:00\" \/>\n<meta property=\"og:image\" content=\"https:\/\/www.eremia.at\/wp-content\/uploads\/2012\/11\/Web_DSC_0021-706x1024.jpg\" \/>\n<script type=\"application\/ld+json\" class=\"yoast-schema-graph\">{\"@context\":\"https:\\\/\\\/schema.org\",\"@graph\":[{\"@type\":\"WebPage\",\"@id\":\"https:\\\/\\\/www.eremia.at\\\/?page_id=101\",\"url\":\"https:\\\/\\\/www.eremia.at\\\/?page_id=101\",\"name\":\"Akt - Gabriele Eremia\",\"isPartOf\":{\"@id\":\"https:\\\/\\\/www.eremia.at\\\/#website\"},\"primaryImageOfPage\":{\"@id\":\"https:\\\/\\\/www.eremia.at\\\/?page_id=101#primaryimage\"},\"image\":{\"@id\":\"https:\\\/\\\/www.eremia.at\\\/?page_id=101#primaryimage\"},\"thumbnailUrl\":\"https:\\\/\\\/www.eremia.at\\\/wp-content\\\/uploads\\\/2012\\\/11\\\/Web_DSC_0021-706x1024.jpg\",\"datePublished\":\"2012-11-14T19:58:26+00:00\",\"dateModified\":\"2012-11-15T12:23:26+00:00\",\"breadcrumb\":{\"@id\":\"https:\\\/\\\/www.eremia.at\\\/?page_id=101#breadcrumb\"},\"inLanguage\":\"de\",\"potentialAction\":[{\"@type\":\"ReadAction\",\"target\":[\"https:\\\/\\\/www.eremia.at\\\/?page_id=101\"]}]},{\"@type\":\"ImageObject\",\"inLanguage\":\"de\",\"@id\":\"https:\\\/\\\/www.eremia.at\\\/?page_id=101#primaryimage\",\"url\":\"https:\\\/\\\/www.eremia.at\\\/wp-content\\\/uploads\\\/2012\\\/11\\\/Web_DSC_0021.jpg\",\"contentUrl\":\"https:\\\/\\\/www.eremia.at\\\/wp-content\\\/uploads\\\/2012\\\/11\\\/Web_DSC_0021.jpg\",\"width\":\"2000\",\"height\":\"2900\"},{\"@type\":\"BreadcrumbList\",\"@id\":\"https:\\\/\\\/www.eremia.at\\\/?page_id=101#breadcrumb\",\"itemListElement\":[{\"@type\":\"ListItem\",\"position\":1,\"name\":\"Galerie\",\"item\":\"https:\\\/\\\/www.eremia.at\\\/?page_id=67\"},{\"@type\":\"ListItem\",\"position\":2,\"name\":\"Akt\"}]},{\"@type\":\"WebSite\",\"@id\":\"https:\\\/\\\/www.eremia.at\\\/#website\",\"url\":\"https:\\\/\\\/www.eremia.at\\\/\",\"name\":\"Gabriele Eremia\",\"description\":\"Fotografie\",\"potentialAction\":[{\"@type\":\"SearchAction\",\"target\":{\"@type\":\"EntryPoint\",\"urlTemplate\":\"https:\\\/\\\/www.eremia.at\\\/?s={search_term_string}\"},\"query-input\":{\"@type\":\"PropertyValueSpecification\",\"valueRequired\":true,\"valueName\":\"search_term_string\"}}],\"inLanguage\":\"de\"}]}<\/script>\n<!-- \/ Yoast SEO plugin. -->","yoast_head_json":{"title":"Akt - Gabriele Eremia","robots":{"index":"index","follow":"follow","max-snippet":"max-snippet:-1","max-image-preview":"max-image-preview:large","max-video-preview":"max-video-preview:-1"},"canonical":"https:\/\/www.eremia.at\/?page_id=101","og_locale":"de_DE","og_type":"article","og_title":"Akt - Gabriele Eremia","og_description":"\u201eMaya\u201c wurde 2007 in Tschechien bei einen internationalem Akt-Fotocamp fotografiert. Das Akt-Model befindet sich in einer M\u00fchle, im Hintergrund ist die Mauerstruktur zu erkennen. Das Bild zeigt einen Torso, ein Teil der langen gewellten Haare\u00a0 f\u00fchren durch die Bildmitte, vorbei &hellip; Weiterlesen &rarr;","og_url":"https:\/\/www.eremia.at\/?page_id=101","og_site_name":"Gabriele Eremia","article_modified_time":"2012-11-15T12:23:26+00:00","og_image":[{"url":"https:\/\/www.eremia.at\/wp-content\/uploads\/2012\/11\/Web_DSC_0021-706x1024.jpg","type":"","width":"","height":""}],"schema":{"@context":"https:\/\/schema.org","@graph":[{"@type":"WebPage","@id":"https:\/\/www.eremia.at\/?page_id=101","url":"https:\/\/www.eremia.at\/?page_id=101","name":"Akt - Gabriele Eremia","isPartOf":{"@id":"https:\/\/www.eremia.at\/#website"},"primaryImageOfPage":{"@id":"https:\/\/www.eremia.at\/?page_id=101#primaryimage"},"image":{"@id":"https:\/\/www.eremia.at\/?page_id=101#primaryimage"},"thumbnailUrl":"https:\/\/www.eremia.at\/wp-content\/uploads\/2012\/11\/Web_DSC_0021-706x1024.jpg","datePublished":"2012-11-14T19:58:26+00:00","dateModified":"2012-11-15T12:23:26+00:00","breadcrumb":{"@id":"https:\/\/www.eremia.at\/?page_id=101#breadcrumb"},"inLanguage":"de","potentialAction":[{"@type":"ReadAction","target":["https:\/\/www.eremia.at\/?page_id=101"]}]},{"@type":"ImageObject","inLanguage":"de","@id":"https:\/\/www.eremia.at\/?page_id=101#primaryimage","url":"https:\/\/www.eremia.at\/wp-content\/uploads\/2012\/11\/Web_DSC_0021.jpg","contentUrl":"https:\/\/www.eremia.at\/wp-content\/uploads\/2012\/11\/Web_DSC_0021.jpg","width":"2000","height":"2900"},{"@type":"BreadcrumbList","@id":"https:\/\/www.eremia.at\/?page_id=101#breadcrumb","itemListElement":[{"@type":"ListItem","position":1,"name":"Galerie","item":"https:\/\/www.eremia.at\/?page_id=67"},{"@type":"ListItem","position":2,"name":"Akt"}]},{"@type":"WebSite","@id":"https:\/\/www.eremia.at\/#website","url":"https:\/\/www.eremia.at\/","name":"Gabriele Eremia","description":"Fotografie","potentialAction":[{"@type":"SearchAction","target":{"@type":"EntryPoint","urlTemplate":"https:\/\/www.eremia.at\/?s={search_term_string}"},"query-input":{"@type":"PropertyValueSpecification","valueRequired":true,"valueName":"search_term_string"}}],"inLanguage":"de"}]}},"jetpack_shortlink":"https:\/\/wp.me\/P31frD-1D","jetpack_sharing_enabled":true,"_links":{"self":[{"href":"https:\/\/www.eremia.at\/index.php?rest_route=\/wp\/v2\/pages\/101","targetHints":{"allow":["GET"]}}],"collection":[{"href":"https:\/\/www.eremia.at\/index.php?rest_route=\/wp\/v2\/pages"}],"about":[{"href":"https:\/\/www.eremia.at\/index.php?rest_route=\/wp\/v2\/types\/page"}],"author":[{"embeddable":true,"href":"https:\/\/www.eremia.at\/index.php?rest_route=\/wp\/v2\/users\/1"}],"replies":[{"embeddable":true,"href":"https:\/\/www.eremia.at\/index.php?rest_route=%2Fwp%2Fv2%2Fcomments&post=101"}],"version-history":[{"count":14,"href":"https:\/\/www.eremia.at\/index.php?rest_route=\/wp\/v2\/pages\/101\/revisions"}],"predecessor-version":[{"id":186,"href":"https:\/\/www.eremia.at\/index.php?rest_route=\/wp\/v2\/pages\/101\/revisions\/186"}],"up":[{"embeddable":true,"href":"https:\/\/www.eremia.at\/index.php?rest_route=\/wp\/v2\/pages\/67"}],"wp:attachment":[{"href":"https:\/\/www.eremia.at\/index.php?rest_route=%2Fwp%2Fv2%2Fmedia&parent=101"}],"curies":[{"name":"wp","href":"https:\/\/api.w.org\/{rel}","templated":true}]}}